{"id":164,"date":"2025-01-08T16:55:01","date_gmt":"2025-01-08T15:55:01","guid":{"rendered":"https:\/\/32bisprod.com\/?page_id=164"},"modified":"2026-03-25T10:48:15","modified_gmt":"2026-03-25T09:48:15","slug":"mathilde","status":"publish","type":"page","link":"https:\/\/32bisprod.com\/index.php\/hugo-wp\/mathilde\/","title":{"rendered":"Mathilde"},"content":{"rendered":"\n<div class=\"wp-block-media-text alignfull has-media-on-the-right is-stacked-on-mobile is-vertically-aligned-center is-style-default\" style=\"grid-template-columns:auto 56%\"><div class=\"wp-block-media-text__content\">\n<h2 class=\"wp-block-heading has-text-color\" style=\"color:#000000\"><strong>La passion selon Mathilde<\/strong><\/h2>\n\n\n\n<p class=\"has-text-color\" style=\"color:#636363;font-size:clamp(14px, 0.875rem + ((1vw - 3.2px) * 0.441), 17px);\"><strong>Documentaire de 72 et 52 minutes \u00e9crit et r\u00e9alis\u00e9 par Thibaut S\u00e8ve<\/strong><\/p>\n\n\n\n<p class=\"has-text-color\" style=\"color:#636363;font-size:clamp(14px, 0.875rem + ((1vw - 3.2px) * 0.441), 17px);\"><strong>avec la participation de France T\u00e9l\u00e9visions\/France 3 Nouvelle-Aquitaine<\/strong><\/p>\n\n\n\n<p><strong><em>Avec le soutien du CNC et de la Procirep-Angoa<\/em><\/strong><\/p>\n\n\n\n<p>Apr\u00e8s une grave blessure, la danseuse \u00e9toile Mathilde Froustey revient sur la sc\u00e8ne du Ballet de Bordeaux pour une nouvelle saison de danse. A l\u2019approche de son quaranti\u00e8me anniversaire, elle se bat contre le temps, la douleur et le doute. Elle affronte la fin d\u2019un r\u00eave commenc\u00e9 enfant \u00e0 l\u2019Op\u00e9ra de Paris, poursuivi au San Francisco Ballet et brutalement interrompu d\u00e8s son retour en France.<\/p>\n\n\n\n<p>Ce film raconte sa foi et son d\u00e9sir de danse, toujours intacts, alors que le corps est sur le point de l\u00e2cher. C\u2019est le portrait d\u2019une femme en mouvement qui se livre sur sa vie d\u2019athl\u00e8te, d\u2019artiste, de m\u00e8re, et ose poser la d\u00e9licate question de l\u2019apr\u00e8s.<\/p>\n\n\n\n<details class=\"wp-block-details is-layout-flow wp-block-details-is-layout-flow\"><summary>English resume<\/summary>\n<p>Mathilde Froustey is a unique prima ballerina: after a successful career in Paris and San Francisco, she returns to France in 2023 at the Ballet of Bordeaux, where she suffered a serious injury in the very first rehearsals. For over a year, from physiotherapy to her return on stage, she shares her journey.<\/p>\n\n\n\n<p>As she approaches her 40th birthday, she opens up about her life as an athlete, an artist and a single mother. She dares to ask the question about what comes after. This film recounts her determination to dance again while she\u2019s challenging a passion that has both \u201ctaken and given everything\u201d from her.<\/p>\n<\/details>\n<\/div><figure class=\"wp-block-media-text__media\"><img loading=\"lazy\" decoding=\"async\" width=\"1024\" height=\"576\" src=\"http:\/\/32bisprod.com\/wp-content\/uploads\/2026\/03\/MATHILDE_52MIN_MASTER_VF.00_32_58_12.Still005-1024x576.jpg\" alt=\"\" class=\"wp-image-201 size-full\" srcset=\"https:\/\/32bisprod.com\/wp-content\/uploads\/2026\/03\/MATHILDE_52MIN_MASTER_VF.00_32_58_12.Still005-1024x576.jpg 1024w, https:\/\/32bisprod.com\/wp-content\/uploads\/2026\/03\/MATHILDE_52MIN_MASTER_VF.00_32_58_12.Still005-300x169.jpg 300w, https:\/\/32bisprod.com\/wp-content\/uploads\/2026\/03\/MATHILDE_52MIN_MASTER_VF.00_32_58_12.Still005-768x432.jpg 768w, https:\/\/32bisprod.com\/wp-content\/uploads\/2026\/03\/MATHILDE_52MIN_MASTER_VF.00_32_58_12.Still005-1536x864.jpg 1536w, https:\/\/32bisprod.com\/wp-content\/uploads\/2026\/03\/MATHILDE_52MIN_MASTER_VF.00_32_58_12.Still005.jpg 1920w\" sizes=\"auto, (max-width: 1024px) 100vw, 1024px\" \/><\/figure><\/div>\n\n\n\n<p><\/p>\n\n\n\n<pre class=\"wp-block-preformatted\"><\/pre>\n\n\n\n<p><\/p>\n","protected":false},"excerpt":{"rendered":"","protected":false},"author":1,"featured_media":0,"parent":46,"menu_order":1,"comment_status":"closed","ping_status":"closed","template":"","meta":{"footnotes":""},"class_list":["post-164","page","type-page","status-publish","hentry"],"_links":{"self":[{"href":"https:\/\/32bisprod.com\/index.php\/wp-json\/wp\/v2\/pages\/164","targetHints":{"allow":["GET"]}}],"collection":[{"href":"https:\/\/32bisprod.com\/index.php\/wp-json\/wp\/v2\/pages"}],"about":[{"href":"https:\/\/32bisprod.com\/index.php\/wp-json\/wp\/v2\/types\/page"}],"author":[{"embeddable":true,"href":"https:\/\/32bisprod.com\/index.php\/wp-json\/wp\/v2\/users\/1"}],"replies":[{"embeddable":true,"href":"https:\/\/32bisprod.com\/index.php\/wp-json\/wp\/v2\/comments?post=164"}],"version-history":[{"count":5,"href":"https:\/\/32bisprod.com\/index.php\/wp-json\/wp\/v2\/pages\/164\/revisions"}],"predecessor-version":[{"id":206,"href":"https:\/\/32bisprod.com\/index.php\/wp-json\/wp\/v2\/pages\/164\/revisions\/206"}],"up":[{"embeddable":true,"href":"https:\/\/32bisprod.com\/index.php\/wp-json\/wp\/v2\/pages\/46"}],"wp:attachment":[{"href":"https:\/\/32bisprod.com\/index.php\/wp-json\/wp\/v2\/media?parent=164"}],"curies":[{"name":"wp","href":"https:\/\/api.w.org\/{rel}","templated":true}]}}