{"id":190,"date":"2025-04-11T10:06:18","date_gmt":"2025-04-11T08:06:18","guid":{"rendered":"https:\/\/32bisprod.com\/?page_id=190"},"modified":"2026-03-25T10:42:22","modified_gmt":"2026-03-25T09:42:22","slug":"latche-lesprit-des-lieux","status":"publish","type":"page","link":"https:\/\/32bisprod.com\/index.php\/hugo-wp\/latche-lesprit-des-lieux\/","title":{"rendered":"Latche, l&rsquo;esprit des lieux"},"content":{"rendered":"\n<div class=\"wp-block-media-text alignfull has-media-on-the-right is-stacked-on-mobile is-vertically-aligned-center is-style-default\" style=\"grid-template-columns:auto 56%\"><div class=\"wp-block-media-text__content\">\n<h2 class=\"wp-block-heading has-text-color\" style=\"color:#000000\"><strong>Latche, l&rsquo;esprit des lieux<\/strong><\/h2>\n\n\n\n<p class=\"has-text-color\" style=\"color:#636363;font-size:clamp(14px, 0.875rem + ((1vw - 3.2px) * 0.441), 17px);line-height:1.1\"><strong>Documentaire de 52 minutes \u00e9crit et r\u00e9alis\u00e9 par Th\u00e9o Ivanez<\/strong><\/p>\n\n\n\n<p class=\"has-text-color\" style=\"color:#636363;font-size:clamp(14px, 0.875rem + ((1vw - 3.2px) * 0.441), 17px);line-height:1.1\"><strong>avec la participation de France T\u00e9l\u00e9visions\/France 3 Nouvelle-Aquitaine<\/strong><\/p>\n\n\n\n<p><em><strong>avec le soutien du CNC, de la R\u00e9gion Nouvelle-Aquitaine, du d\u00e9partement des Landes et de la Procirep-Angoa<\/strong><\/em><\/p>\n\n\n\n<p class=\"has-text-align-left\">R\u00e9sidence de la famille Mitterrand depuis 1965, Latche a \u00e9t\u00e9 le port d\u2019attache de l\u2019ancien Pr\u00e9sident pendant trois d\u00e9cennies, marqu\u00e9es par les batailles politiques, les d\u00e9faites, les victoires, les scandales, quatorze ann\u00e9es de pr\u00e9sidence et autant de maladie. Trois d\u00e9cennies \u00e0 parcourir la distance entre les Landes et Paris, \u00e0 chercher l\u2019\u00e9quilibre entre l\u2019homme public et l\u2019homme priv\u00e9. \u00a0L\u00e0-bas, il \u00e9tait un autre Fran\u00e7ois Mitterrand. Absorb\u00e9 par \u00ab\u00a0l\u2019esprit des lieux\u00a0\u00bb, il affectionnait les balades en for\u00eat, philosophait, s\u2019abandonnait \u00e0 \u00e9crire.<\/p>\n\n\n\n<p class=\"has-text-align-left\">Famille, amis, grands de ce monde s\u2019y sont retrouv\u00e9s, pour quelques promenades, quelques heures de conversations, quelques instants d\u00e9cisifs du si\u00e8cle.<\/p>\n<\/div><figure class=\"wp-block-media-text__media\"><img loading=\"lazy\" decoding=\"async\" width=\"1024\" height=\"575\" src=\"https:\/\/32bisprod.com\/wp-content\/uploads\/2026\/03\/Latche_La-bergerie-exterieur-1024x575.png\" alt=\"\" class=\"wp-image-204 size-full\" srcset=\"https:\/\/32bisprod.com\/wp-content\/uploads\/2026\/03\/Latche_La-bergerie-exterieur-1024x575.png 1024w, https:\/\/32bisprod.com\/wp-content\/uploads\/2026\/03\/Latche_La-bergerie-exterieur-300x169.png 300w, https:\/\/32bisprod.com\/wp-content\/uploads\/2026\/03\/Latche_La-bergerie-exterieur-768x431.png 768w, https:\/\/32bisprod.com\/wp-content\/uploads\/2026\/03\/Latche_La-bergerie-exterieur-1536x863.png 1536w, https:\/\/32bisprod.com\/wp-content\/uploads\/2026\/03\/Latche_La-bergerie-exterieur-2048x1150.png 2048w\" sizes=\"auto, (max-width: 1024px) 100vw, 1024px\" \/><\/figure><\/div>\n\n\n\n<p><\/p>\n","protected":false},"excerpt":{"rendered":"<p>Latche, l&rsquo;esprit des lieux Documentaire de 52 minutes \u00e9crit et r\u00e9alis\u00e9 par Th\u00e9o Ivanez avec la participation de France T\u00e9l\u00e9visions\/France 3 Nouvelle-Aquitaine avec le soutien du CNC, de la R\u00e9gion Nouvelle-Aquitaine, du d\u00e9partement des Landes et de la Procirep-Angoa R\u00e9sidence de la famille Mitterrand depuis 1965, Latche a \u00e9t\u00e9 le port d\u2019attache de l\u2019ancien Pr\u00e9sident [&hellip;]<\/p>\n","protected":false},"author":1,"featured_media":0,"parent":46,"menu_order":0,"comment_status":"closed","ping_status":"closed","template":"","meta":{"footnotes":""},"class_list":["post-190","page","type-page","status-publish","hentry"],"_links":{"self":[{"href":"https:\/\/32bisprod.com\/index.php\/wp-json\/wp\/v2\/pages\/190","targetHints":{"allow":["GET"]}}],"collection":[{"href":"https:\/\/32bisprod.com\/index.php\/wp-json\/wp\/v2\/pages"}],"about":[{"href":"https:\/\/32bisprod.com\/index.php\/wp-json\/wp\/v2\/types\/page"}],"author":[{"embeddable":true,"href":"https:\/\/32bisprod.com\/index.php\/wp-json\/wp\/v2\/users\/1"}],"replies":[{"embeddable":true,"href":"https:\/\/32bisprod.com\/index.php\/wp-json\/wp\/v2\/comments?post=190"}],"version-history":[{"count":3,"href":"https:\/\/32bisprod.com\/index.php\/wp-json\/wp\/v2\/pages\/190\/revisions"}],"predecessor-version":[{"id":205,"href":"https:\/\/32bisprod.com\/index.php\/wp-json\/wp\/v2\/pages\/190\/revisions\/205"}],"up":[{"embeddable":true,"href":"https:\/\/32bisprod.com\/index.php\/wp-json\/wp\/v2\/pages\/46"}],"wp:attachment":[{"href":"https:\/\/32bisprod.com\/index.php\/wp-json\/wp\/v2\/media?parent=190"}],"curies":[{"name":"wp","href":"https:\/\/api.w.org\/{rel}","templated":true}]}}